{"id":574,"date":"2017-03-23T22:36:11","date_gmt":"2017-03-23T21:36:11","guid":{"rendered":"https:\/\/kennel-krondals.dk\/?page_id=574"},"modified":"2017-03-23T23:23:03","modified_gmt":"2017-03-23T22:23:03","slug":"health-issues-pbgv","status":"publish","type":"page","link":"https:\/\/kennel-krondals.dk\/?page_id=574","title":{"rendered":"Health Issues PBGV"},"content":{"rendered":"<p>P\u00e5 mange m\u00e5der er PBGV en rigtig sund hund, men som i alle andre racer findes der ogs\u00e5 sundhedsm\u00e6ssige problemer i denne race.<\/p>\n<p><strong>Gr\u00f8n st\u00e6r (POAG &#8211; Primary Open eye Angle Glaucoma)<\/strong><br \/>\nKilde: www.bassetklubben.dk (delvist)<\/p>\n<p>En af de mest alvorlige lidelser i racen er gr\u00f8n st\u00e6r, hvilket man dog siden for\u00e5ret 2015 kan DNA-teste for. Man kan derfor p\u00e5 ganske enkel vis helt undg\u00e5 at avle hunde, som udvikler lidelsen, det kr\u00e6ver blot at begge for\u00e6ldredyr i en given parring har en kendt DNA-status.\u00a0Gr\u00f8n st\u00e6r er \u00f8get pres i det indre \u00f8je, som giver store smerter og hvis det ikke opdages i tide og behandles med \u00f8jendr\u00e5ber dagligt, bliver hunden blind og m\u00e5 have \u00f8jet (\u00f8jnene) fjernet.\u00a0Man har kendskab til at sygdommen rammer hunde fra ca. otte mdrs. alderen og helt til de er ni \u00e5r gamle. DNA-testen vil vise, om hunden er fri (clear), b\u00e6rer (carrier) eller syg (affected).<br \/>\nI nedenst\u00e5ende skema ses arvegangen for sygdommen:<\/p>\n<p><img loading=\"lazy\" decoding=\"async\" class=\"alignnone wp-image-581\" src=\"http:\/\/kennel-krondals.dk\/wp-content\/uploads\/2017\/03\/poag2-250x184.jpg\" alt=\"\" width=\"531\" height=\"391\" srcset=\"https:\/\/kennel-krondals.dk\/wp-content\/uploads\/2017\/03\/poag2-250x184.jpg 250w, https:\/\/kennel-krondals.dk\/wp-content\/uploads\/2017\/03\/poag2-150x110.jpg 150w, https:\/\/kennel-krondals.dk\/wp-content\/uploads\/2017\/03\/poag2.jpg 534w\" sizes=\"auto, (max-width: 531px) 100vw, 531px\" \/><\/p>\n<p>I forhold til DNA-test kan man selv tage pr\u00f8ven eller bede sin dyrl\u00e6ge om det. Pr\u00f8ven tages som et skrab fra mundslimhinden og er meget let at udf\u00f8re! DNA-testen foretages i England hos AHT (Animal Health Trust) og prisen er ca. kr. 500 for at f\u00e5 foretaget DNA-test p\u00e5 en hund &#8211; en lille pris for at eliminere en alvorlig sygdom.<\/p>\n<p>&nbsp;<\/p>\n","protected":false},"excerpt":{"rendered":"<p>P\u00e5 mange m\u00e5der er PBGV en rigtig sund hund, men som i alle andre racer findes der ogs\u00e5 sundhedsm\u00e6ssige problemer i denne race. Gr\u00f8n st\u00e6r (POAG &#8211; Primary Open eye Angle Glaucoma) Kilde: www.bassetklubben.dk (delvist) En af de mest alvorlige lidelser i racen er gr\u00f8n st\u00e6r, hvilket man dog siden for\u00e5ret 2015 kan DNA-teste for. Man kan derfor p\u00e5 ganske enkel vis helt undg\u00e5 at avle hunde, som udvikler lidelsen, det kr\u00e6ver blot at begge for\u00e6ldredyr i en given parring har en kendt DNA-status.\u00a0Gr\u00f8n st\u00e6r er \u00f8get pres i det indre \u00f8je, som giver store smerter og hvis det ikke opdages i tide og behandles med \u00f8jendr\u00e5ber dagligt, bliver hunden blind og m\u00e5 have \u00f8jet (\u00f8jnene) fjernet.\u00a0Man har kendskab til at sygdommen rammer hunde fra ca. otte mdrs. alderen og helt til de er ni \u00e5r gamle. DNA-testen vil vise, om hunden er fri (clear), b\u00e6rer (carrier) eller syg (affected).\u2026<\/p>\n<p> <a class=\"continue-reading-link\" href=\"https:\/\/kennel-krondals.dk\/?page_id=574\"><span>Continue reading<\/span><i class=\"crycon-right-dir\"><\/i><\/a> <\/p>\n","protected":false},"author":1,"featured_media":0,"parent":0,"menu_order":0,"comment_status":"closed","ping_status":"closed","template":"","meta":{"footnotes":""},"class_list":["post-574","page","type-page","status-publish","hentry"],"_links":{"self":[{"href":"https:\/\/kennel-krondals.dk\/index.php?rest_route=\/wp\/v2\/pages\/574","targetHints":{"allow":["GET"]}}],"collection":[{"href":"https:\/\/kennel-krondals.dk\/index.php?rest_route=\/wp\/v2\/pages"}],"about":[{"href":"https:\/\/kennel-krondals.dk\/index.php?rest_route=\/wp\/v2\/types\/page"}],"author":[{"embeddable":true,"href":"https:\/\/kennel-krondals.dk\/index.php?rest_route=\/wp\/v2\/users\/1"}],"replies":[{"embeddable":true,"href":"https:\/\/kennel-krondals.dk\/index.php?rest_route=%2Fwp%2Fv2%2Fcomments&post=574"}],"version-history":[{"count":12,"href":"https:\/\/kennel-krondals.dk\/index.php?rest_route=\/wp\/v2\/pages\/574\/revisions"}],"predecessor-version":[{"id":590,"href":"https:\/\/kennel-krondals.dk\/index.php?rest_route=\/wp\/v2\/pages\/574\/revisions\/590"}],"wp:attachment":[{"href":"https:\/\/kennel-krondals.dk\/index.php?rest_route=%2Fwp%2Fv2%2Fmedia&parent=574"}],"curies":[{"name":"wp","href":"https:\/\/api.w.org\/{rel}","templated":true}]}}